{"id":1116,"date":"2025-05-07T09:03:07","date_gmt":"2025-05-07T09:03:07","guid":{"rendered":"https:\/\/toplinewerbung.de\/?page_id=1116"},"modified":"2025-05-13T11:04:20","modified_gmt":"2025-05-13T11:04:20","slug":"impressum","status":"publish","type":"page","link":"https:\/\/topline-werbung.de\/index.php\/impressum\/","title":{"rendered":"Impressum"},"content":{"rendered":"\t\t<div data-elementor-type=\"wp-page\" data-elementor-id=\"1116\" class=\"elementor elementor-1116\" data-elementor-post-type=\"page\">\n\t\t\t\t<div class=\"elementor-element elementor-element-1d315f8 e-flex e-con-boxed e-con e-parent\" data-id=\"1d315f8\" data-element_type=\"container\">\n\t\t\t\t\t<div class=\"e-con-inner\">\n\t\t\t\t<div class=\"elementor-element elementor-element-dd5fc41 elementor-widget elementor-widget-text-editor\" data-id=\"dd5fc41\" data-element_type=\"widget\" data-widget_type=\"text-editor.default\">\n\t\t\t\t<div class=\"elementor-widget-container\">\n\t\t\t\t\t\t\t\t\t\n<p>Maik Liesk<br \/>\nBuckower Str. 6<br \/>\n03205 Calau<\/p>\n\n<h2>Kontakt<\/h2>\n<p>Telefon: 03541 802400<br \/>\nE-Mail: topline-werbung@web.de<\/p>\n\n<h2>Umsatzsteuer-ID<\/h2>\n<p>Umsatzsteuer-Identifikationsnummer gem&auml;&szlig; &sect; 27 a Umsatzsteuergesetz:<br \/>\nDE336409630<\/p>\n\n<h2>Angaben zur Berufs&shy;haftpflicht&shy;versicherung<\/h2>\n<p><strong>Name und Sitz des Versicherers:<\/strong><br \/>\nVerwaltungs-Berufsgenossenschaft (VBG)<br \/>\nMassaquoipassage 1<br \/>\n22305 Hamburg<\/p>\n<p><strong>Geltungsraum der Versicherung:<\/strong><br \/>Deutschlandweit<\/p>\n\n<h2>EU-Streitschlichtung<\/h2>\n<p>Die Europ&auml;ische Kommission stellt eine Plattform zur Online-Streitbeilegung (OS) bereit: <a href=\"https:\/\/ec.europa.eu\/consumers\/odr\/\" target=\"_blank\" rel=\"noopener noreferrer\">https:\/\/ec.europa.eu\/consumers\/odr\/<\/a>.<br \/> Unsere E-Mail-Adresse finden Sie oben im Impressum.<\/p>\n\n<h2>Verbraucher&shy;streit&shy;beilegung\/Universal&shy;schlichtungs&shy;stelle<\/h2>\n<p>Wir sind nicht bereit oder verpflichtet, an Streitbeilegungsverfahren vor einer Verbraucherschlichtungsstelle teilzunehmen.<\/p>\t\t\t\t\t\t\t\t<\/div>\n\t\t\t\t<\/div>\n\t\t\t\t\t<\/div>\n\t\t\t\t<\/div>\n\t\t\t\t<\/div>\n\t\t","protected":false},"excerpt":{"rendered":"<p>Maik Liesk Buckower Str. 6 03205 Calau Kontakt Telefon: 03541 802400 E-Mail: topline-werbung@web.de Umsatzsteuer-ID Umsatzsteuer-Identifikationsnummer gem&auml;&szlig; &sect; 27 a Umsatzsteuergesetz: DE336409630 Angaben zur Berufs&shy;haftpflicht&shy;versicherung Name und Sitz des Versicherers: Verwaltungs-Berufsgenossenschaft (VBG) Massaquoipassage 1 22305 Hamburg Geltungsraum der Versicherung:Deutschlandweit EU-Streitschlichtung Die Europ&auml;ische Kommission stellt eine Plattform zur Online-Streitbeilegung (OS) bereit: https:\/\/ec.europa.eu\/consumers\/odr\/. Unsere E-Mail-Adresse finden Sie oben [&hellip;]<\/p>\n","protected":false},"author":1,"featured_media":0,"parent":0,"menu_order":0,"comment_status":"closed","ping_status":"closed","template":"","meta":{"footnotes":""},"class_list":["post-1116","page","type-page","status-publish","hentry"],"yoast_head":"<!-- This site is optimized with the Yoast SEO plugin v26.4 - https:\/\/yoast.com\/wordpress\/plugins\/seo\/ -->\n<title>Impressum - Topline Werbung<\/title>\n<meta name=\"robots\" content=\"index, follow, max-snippet:-1, max-image-preview:large, max-video-preview:-1\" \/>\n<link rel=\"canonical\" href=\"https:\/\/topline-werbung.de\/index.php\/impressum\/\" \/>\n<meta property=\"og:locale\" content=\"de_DE\" \/>\n<meta property=\"og:type\" content=\"article\" \/>\n<meta property=\"og:title\" content=\"Impressum - Topline Werbung\" \/>\n<meta property=\"og:description\" content=\"Maik Liesk Buckower Str. 6 03205 Calau Kontakt Telefon: 03541 802400 E-Mail: topline-werbung@web.de Umsatzsteuer-ID Umsatzsteuer-Identifikationsnummer gem&auml;&szlig; &sect; 27 a Umsatzsteuergesetz: DE336409630 Angaben zur Berufs&shy;haftpflicht&shy;versicherung Name und Sitz des Versicherers: Verwaltungs-Berufsgenossenschaft (VBG) Massaquoipassage 1 22305 Hamburg Geltungsraum der Versicherung:Deutschlandweit EU-Streitschlichtung Die Europ&auml;ische Kommission stellt eine Plattform zur Online-Streitbeilegung (OS) bereit: https:\/\/ec.europa.eu\/consumers\/odr\/. Unsere E-Mail-Adresse finden Sie oben [&hellip;]\" \/>\n<meta property=\"og:url\" content=\"https:\/\/topline-werbung.de\/index.php\/impressum\/\" \/>\n<meta property=\"og:site_name\" content=\"Topline Werbung\" \/>\n<meta property=\"article:modified_time\" content=\"2025-05-13T11:04:20+00:00\" \/>\n<meta name=\"twitter:card\" content=\"summary_large_image\" \/>\n<meta name=\"twitter:label1\" content=\"Gesch\u00e4tzte Lesezeit\" \/>\n\t<meta name=\"twitter:data1\" content=\"1\u00a0Minute\" \/>\n<script type=\"application\/ld+json\" class=\"yoast-schema-graph\">{\"@context\":\"https:\/\/schema.org\",\"@graph\":[{\"@type\":\"WebPage\",\"@id\":\"https:\/\/topline-werbung.de\/index.php\/impressum\/\",\"url\":\"https:\/\/topline-werbung.de\/index.php\/impressum\/\",\"name\":\"Impressum - Topline Werbung\",\"isPartOf\":{\"@id\":\"https:\/\/topline-werbung.de\/#website\"},\"datePublished\":\"2025-05-07T09:03:07+00:00\",\"dateModified\":\"2025-05-13T11:04:20+00:00\",\"breadcrumb\":{\"@id\":\"https:\/\/topline-werbung.de\/index.php\/impressum\/#breadcrumb\"},\"inLanguage\":\"de\",\"potentialAction\":[{\"@type\":\"ReadAction\",\"target\":[\"https:\/\/topline-werbung.de\/index.php\/impressum\/\"]}]},{\"@type\":\"BreadcrumbList\",\"@id\":\"https:\/\/topline-werbung.de\/index.php\/impressum\/#breadcrumb\",\"itemListElement\":[{\"@type\":\"ListItem\",\"position\":1,\"name\":\"Startseite\",\"item\":\"https:\/\/topline-werbung.de\/\"},{\"@type\":\"ListItem\",\"position\":2,\"name\":\"Impressum\"}]},{\"@type\":\"WebSite\",\"@id\":\"https:\/\/topline-werbung.de\/#website\",\"url\":\"https:\/\/topline-werbung.de\/\",\"name\":\"Topline Werbung\",\"description\":\"Dein Partner f\u00fcr professionelle Werbung. Wir bieten ma\u00dfgeschneiderte L\u00f6sungen von Produktionsdruck bis Textilbestickung!bis\",\"publisher\":{\"@id\":\"https:\/\/topline-werbung.de\/#organization\"},\"potentialAction\":[{\"@type\":\"SearchAction\",\"target\":{\"@type\":\"EntryPoint\",\"urlTemplate\":\"https:\/\/topline-werbung.de\/?s={search_term_string}\"},\"query-input\":{\"@type\":\"PropertyValueSpecification\",\"valueRequired\":true,\"valueName\":\"search_term_string\"}}],\"inLanguage\":\"de\"},{\"@type\":\"Organization\",\"@id\":\"https:\/\/topline-werbung.de\/#organization\",\"name\":\"Topline Werbung\",\"url\":\"https:\/\/topline-werbung.de\/\",\"logo\":{\"@type\":\"ImageObject\",\"inLanguage\":\"de\",\"@id\":\"https:\/\/topline-werbung.de\/#\/schema\/logo\/image\/\",\"url\":\"https:\/\/topline-werbung.de\/wp-content\/uploads\/2025\/01\/Logo-2.png\",\"contentUrl\":\"https:\/\/topline-werbung.de\/wp-content\/uploads\/2025\/01\/Logo-2.png\",\"width\":1937,\"height\":1103,\"caption\":\"Topline Werbung\"},\"image\":{\"@id\":\"https:\/\/topline-werbung.de\/#\/schema\/logo\/image\/\"}}]}<\/script>\n<!-- \/ Yoast SEO plugin. -->","yoast_head_json":{"title":"Impressum - Topline Werbung","robots":{"index":"index","follow":"follow","max-snippet":"max-snippet:-1","max-image-preview":"max-image-preview:large","max-video-preview":"max-video-preview:-1"},"canonical":"https:\/\/topline-werbung.de\/index.php\/impressum\/","og_locale":"de_DE","og_type":"article","og_title":"Impressum - Topline Werbung","og_description":"Maik Liesk Buckower Str. 6 03205 Calau Kontakt Telefon: 03541 802400 E-Mail: topline-werbung@web.de Umsatzsteuer-ID Umsatzsteuer-Identifikationsnummer gem&auml;&szlig; &sect; 27 a Umsatzsteuergesetz: DE336409630 Angaben zur Berufs&shy;haftpflicht&shy;versicherung Name und Sitz des Versicherers: Verwaltungs-Berufsgenossenschaft (VBG) Massaquoipassage 1 22305 Hamburg Geltungsraum der Versicherung:Deutschlandweit EU-Streitschlichtung Die Europ&auml;ische Kommission stellt eine Plattform zur Online-Streitbeilegung (OS) bereit: https:\/\/ec.europa.eu\/consumers\/odr\/. Unsere E-Mail-Adresse finden Sie oben [&hellip;]","og_url":"https:\/\/topline-werbung.de\/index.php\/impressum\/","og_site_name":"Topline Werbung","article_modified_time":"2025-05-13T11:04:20+00:00","twitter_card":"summary_large_image","twitter_misc":{"Gesch\u00e4tzte Lesezeit":"1\u00a0Minute"},"schema":{"@context":"https:\/\/schema.org","@graph":[{"@type":"WebPage","@id":"https:\/\/topline-werbung.de\/index.php\/impressum\/","url":"https:\/\/topline-werbung.de\/index.php\/impressum\/","name":"Impressum - Topline Werbung","isPartOf":{"@id":"https:\/\/topline-werbung.de\/#website"},"datePublished":"2025-05-07T09:03:07+00:00","dateModified":"2025-05-13T11:04:20+00:00","breadcrumb":{"@id":"https:\/\/topline-werbung.de\/index.php\/impressum\/#breadcrumb"},"inLanguage":"de","potentialAction":[{"@type":"ReadAction","target":["https:\/\/topline-werbung.de\/index.php\/impressum\/"]}]},{"@type":"BreadcrumbList","@id":"https:\/\/topline-werbung.de\/index.php\/impressum\/#breadcrumb","itemListElement":[{"@type":"ListItem","position":1,"name":"Startseite","item":"https:\/\/topline-werbung.de\/"},{"@type":"ListItem","position":2,"name":"Impressum"}]},{"@type":"WebSite","@id":"https:\/\/topline-werbung.de\/#website","url":"https:\/\/topline-werbung.de\/","name":"Topline Werbung","description":"Dein Partner f\u00fcr professionelle Werbung. Wir bieten ma\u00dfgeschneiderte L\u00f6sungen von Produktionsdruck bis Textilbestickung!bis","publisher":{"@id":"https:\/\/topline-werbung.de\/#organization"},"potentialAction":[{"@type":"SearchAction","target":{"@type":"EntryPoint","urlTemplate":"https:\/\/topline-werbung.de\/?s={search_term_string}"},"query-input":{"@type":"PropertyValueSpecification","valueRequired":true,"valueName":"search_term_string"}}],"inLanguage":"de"},{"@type":"Organization","@id":"https:\/\/topline-werbung.de\/#organization","name":"Topline Werbung","url":"https:\/\/topline-werbung.de\/","logo":{"@type":"ImageObject","inLanguage":"de","@id":"https:\/\/topline-werbung.de\/#\/schema\/logo\/image\/","url":"https:\/\/topline-werbung.de\/wp-content\/uploads\/2025\/01\/Logo-2.png","contentUrl":"https:\/\/topline-werbung.de\/wp-content\/uploads\/2025\/01\/Logo-2.png","width":1937,"height":1103,"caption":"Topline Werbung"},"image":{"@id":"https:\/\/topline-werbung.de\/#\/schema\/logo\/image\/"}}]}},"_links":{"self":[{"href":"https:\/\/topline-werbung.de\/index.php\/wp-json\/wp\/v2\/pages\/1116","targetHints":{"allow":["GET"]}}],"collection":[{"href":"https:\/\/topline-werbung.de\/index.php\/wp-json\/wp\/v2\/pages"}],"about":[{"href":"https:\/\/topline-werbung.de\/index.php\/wp-json\/wp\/v2\/types\/page"}],"author":[{"embeddable":true,"href":"https:\/\/topline-werbung.de\/index.php\/wp-json\/wp\/v2\/users\/1"}],"replies":[{"embeddable":true,"href":"https:\/\/topline-werbung.de\/index.php\/wp-json\/wp\/v2\/comments?post=1116"}],"version-history":[{"count":3,"href":"https:\/\/topline-werbung.de\/index.php\/wp-json\/wp\/v2\/pages\/1116\/revisions"}],"predecessor-version":[{"id":1246,"href":"https:\/\/topline-werbung.de\/index.php\/wp-json\/wp\/v2\/pages\/1116\/revisions\/1246"}],"wp:attachment":[{"href":"https:\/\/topline-werbung.de\/index.php\/wp-json\/wp\/v2\/media?parent=1116"}],"curies":[{"name":"wp","href":"https:\/\/api.w.org\/{rel}","templated":true}]}}